{"id":709,"date":"2024-11-23T13:09:19","date_gmt":"2024-11-23T12:09:19","guid":{"rendered":"https:\/\/deportecarande.com\/?page_id=709"},"modified":"2025-04-29T15:12:47","modified_gmt":"2025-04-29T13:12:47","slug":"experiencias-fct","status":"publish","type":"page","link":"https:\/\/deportecarande.com\/index.php\/experiencias-fct\/","title":{"rendered":"EXPERIENCIAS FCT"},"content":{"rendered":"\n<p>En este apartado encontrar\u00e1s informaci\u00f3n sobre los lugares en los que realizaron su formaci\u00f3n en centros de trabajo (FCT) los alumnos y alumnas de las diferentes promociones del TSEASD del IES Ram\u00f3n Carande.<\/p>\n\n\n\n<p><a href=\"https:\/\/deportecarande.com\/index.php\/lugares-fct-2o-tseasd-23-24\/\" data-type=\"page\" data-id=\"712\">Lugares FCT 2\u00ba TSEASD &#8211; 23\/24<\/a><\/p>\n\n\n\n<p><\/p>\n","protected":false},"excerpt":{"rendered":"<p>En este apartado encontrar\u00e1s informaci\u00f3n sobre los lugares en los que realizaron su formaci\u00f3n en centros de trabajo (FCT) los alumnos y alumnas de las diferentes promociones del TSEASD del IES Ram\u00f3n Carande. Lugares FCT 2\u00ba TSEASD &#8211; 23\/24<\/p>\n","protected":false},"author":1,"featured_media":0,"parent":0,"menu_order":0,"comment_status":"closed","ping_status":"closed","template":"","meta":{"_kad_post_transparent":"","_kad_post_title":"","_kad_post_layout":"","_kad_post_sidebar_id":"","_kad_post_content_style":"","_kad_post_vertical_padding":"","_kad_post_feature":"","_kad_post_feature_position":"","_kad_post_header":false,"_kad_post_footer":false,"footnotes":""},"class_list":["post-709","page","type-page","status-publish","hentry"],"_links":{"self":[{"href":"https:\/\/deportecarande.com\/index.php\/wp-json\/wp\/v2\/pages\/709","targetHints":{"allow":["GET"]}}],"collection":[{"href":"https:\/\/deportecarande.com\/index.php\/wp-json\/wp\/v2\/pages"}],"about":[{"href":"https:\/\/deportecarande.com\/index.php\/wp-json\/wp\/v2\/types\/page"}],"author":[{"embeddable":true,"href":"https:\/\/deportecarande.com\/index.php\/wp-json\/wp\/v2\/users\/1"}],"replies":[{"embeddable":true,"href":"https:\/\/deportecarande.com\/index.php\/wp-json\/wp\/v2\/comments?post=709"}],"version-history":[{"count":2,"href":"https:\/\/deportecarande.com\/index.php\/wp-json\/wp\/v2\/pages\/709\/revisions"}],"predecessor-version":[{"id":715,"href":"https:\/\/deportecarande.com\/index.php\/wp-json\/wp\/v2\/pages\/709\/revisions\/715"}],"wp:attachment":[{"href":"https:\/\/deportecarande.com\/index.php\/wp-json\/wp\/v2\/media?parent=709"}],"curies":[{"name":"wp","href":"https:\/\/api.w.org\/{rel}","templated":true}]}}